{"id":769,"date":"2024-08-22T08:26:18","date_gmt":"2024-08-22T08:26:18","guid":{"rendered":"https:\/\/latidosycronikas.es\/?page_id=769"},"modified":"2025-04-10T01:06:38","modified_gmt":"2025-04-10T01:06:38","slug":"aviso-legal","status":"publish","type":"page","link":"https:\/\/latidosycronikas.es\/en\/aviso-legal\/","title":{"rendered":"LatidosyCronikas \u2013 Aviso Legal"},"content":{"rendered":"<div data-elementor-type=\"wp-page\" data-elementor-id=\"769\" class=\"elementor elementor-769\" data-elementor-post-type=\"page\">\n\t\t\t\t<div class=\"elementor-element elementor-element-b264f43 e-flex e-con-boxed wpr-particle-no wpr-jarallax-no wpr-parallax-no wpr-sticky-section-no e-con e-parent\" data-id=\"b264f43\" data-element_type=\"container\">\n\t\t\t\t\t<div class=\"e-con-inner\">\n\t\t\t\t<div class=\"elementor-element elementor-element-ed18a76 elementor-widget elementor-widget-heading\" data-id=\"ed18a76\" data-element_type=\"widget\" data-widget_type=\"heading.default\">\n\t\t\t\t<div class=\"elementor-widget-container\">\n\t\t\t\t\t<h2 class=\"elementor-heading-title elementor-size-default\">Aviso Legal<\/h2>\t\t\t\t<\/div>\n\t\t\t\t<\/div>\n\t\t\t\t<div class=\"elementor-element elementor-element-3389acd elementor-hidden-desktop elementor-hidden-laptop elementor-hidden-tablet elementor-hidden-mobile elementor-widget elementor-widget-text-editor\" data-id=\"3389acd\" data-element_type=\"widget\" data-widget_type=\"text-editor.default\">\n\t\t\t\t<div class=\"elementor-widget-container\">\n\t\t\t\t\t\t\t\t\t<p>Uso de nuestro sitio<\/p><p>Propiedad Intelectual<\/p><p>Manejo de Conflictos Legales<\/p>\t\t\t\t\t\t\t\t<\/div>\n\t\t\t\t<\/div>\n\t\t\t\t<div class=\"elementor-element elementor-element-28d52ce elementor-widget elementor-widget-text-editor\" data-id=\"28d52ce\" data-element_type=\"widget\" data-widget_type=\"text-editor.default\">\n\t\t\t\t<div class=\"elementor-widget-container\">\n\t\t\t\t\t\t\t\t\t<p><u><b><\/b><\/u><strong><u><b>Uso de nuestro sitio<\/b><\/u><\/strong><\/p><p>Acceder a nuestro sitio: LatidosyCronikas.es es posible de manera gratuita. El acceder a alguno de nuestros servicios pagos incluye directamente aceptar los t\u00e9rminos y condiciones de nuestro sitio; as\u00ed como tambi\u00e9n nuestra pol\u00edtica de privacidad. Todo lo anterior se certifica al momento de realizar el pago en nuestro sitio web, en donde se pondr\u00e1 una casilla de texto que el comprador deber\u00e1 leer acerca de nuestros t\u00e9rminos y condiciones para que el sistema permita procesar el pago.\u00a0<span style=\"text-align: var(--text-align);\">El comprador deber\u00e1 hacer uso de nuestros servicios obedeciendo a una necesidad genuina sin poner en riesgo la integridad f\u00edsica y moral de su misma persona o de terceros.<\/span><\/p><p><strong><u><b>Propiedad Intelectual<\/b><\/u><\/strong><\/p><p>El contenido escrito de esta p\u00e1gina es propiedad intelectual del vendedor. Todo el contenido textual y gr\u00e1fico del sitio se encuentran protegidos para evitar su reproducci\u00f3n id\u00e9ntica. Se proh\u00edbe el uso de este contenido sin participaci\u00f3n directa nuestra. <br \/>La autor\u00eda de todos los textos de nuestras historias escritas quedar\u00e1n a nombre del comprador. Se le agregar\u00e1 una anotaci\u00f3n en los textos terminados en donde LatidosyCronikas.es se incluya como co-autores.<\/p><p>Agradecemos a nuestros proveedores freepik.com por habernos provisto de las im\u00e1genes alojadas en nuestro sitio web.<\/p><p><strong><u><b>\u00a0<\/b><\/u><\/strong><u><b><\/b><\/u><strong><u><b>Manejo de Conflictos Legales<\/b><\/u><\/strong><\/p><p><span style=\"text-align: var(--text-align);\">Tanto LatidosyCronikas como sus clientes quedan a disposici\u00f3n legal de los tribunales y juzgados de Toledo para resolver cualquier conflicto legal.<\/span><strong><u><b><br \/><\/b><\/u><\/strong><\/p>\t\t\t\t\t\t\t\t<\/div>\n\t\t\t\t<\/div>\n\t\t\t\t\t<\/div>\n\t\t\t\t<\/div>\n\t\t\t\t<\/div>","protected":false},"excerpt":{"rendered":"<p>Aviso Legal Uso de nuestro sitio Propiedad Intelectual Manejo de Conflictos Legales Uso de nuestro sitio Acceder a nuestro sitio: LatidosyCronikas.es es posible de manera gratuita. El acceder a alguno de nuestros servicios pagos incluye directamente aceptar los t\u00e9rminos y condiciones de nuestro sitio; as\u00ed como tambi\u00e9n nuestra pol\u00edtica de privacidad. Todo lo anterior se certifica al momento de realizar el pago en nuestro sitio web, en donde se pondr\u00e1 una casilla de texto que el comprador deber\u00e1 leer acerca de nuestros t\u00e9rminos y condiciones para que el sistema permita procesar el pago.\u00a0El comprador deber\u00e1 hacer uso de nuestros servicios obedeciendo a una necesidad genuina sin poner en riesgo la integridad f\u00edsica y moral de su misma persona o de terceros. Propiedad Intelectual El contenido escrito de esta p\u00e1gina es propiedad intelectual del vendedor. Todo el contenido textual y gr\u00e1fico del sitio se encuentran protegidos para evitar su reproducci\u00f3n id\u00e9ntica. Se proh\u00edbe el uso de este contenido sin participaci\u00f3n directa nuestra. La autor\u00eda de todos los textos de nuestras historias escritas quedar\u00e1n a nombre del comprador. Se le agregar\u00e1 una anotaci\u00f3n en los textos terminados en donde LatidosyCronikas.es se incluya como co-autores. Agradecemos a nuestros proveedores freepik.com por habernos provisto de las im\u00e1genes alojadas en nuestro sitio web. \u00a0Manejo de Conflictos Legales Tanto LatidosyCronikas como sus clientes quedan a disposici\u00f3n legal de los tribunales y juzgados de Toledo para resolver cualquier conflicto legal.<\/p>","protected":false},"author":1,"featured_media":0,"parent":0,"menu_order":0,"comment_status":"closed","ping_status":"closed","template":"elementor_header_footer","meta":{"footnotes":""},"class_list":["post-769","page","type-page","status-publish","hentry"],"_links":{"self":[{"href":"https:\/\/latidosycronikas.es\/en\/wp-json\/wp\/v2\/pages\/769","targetHints":{"allow":["GET"]}}],"collection":[{"href":"https:\/\/latidosycronikas.es\/en\/wp-json\/wp\/v2\/pages"}],"about":[{"href":"https:\/\/latidosycronikas.es\/en\/wp-json\/wp\/v2\/types\/page"}],"author":[{"embeddable":true,"href":"https:\/\/latidosycronikas.es\/en\/wp-json\/wp\/v2\/users\/1"}],"replies":[{"embeddable":true,"href":"https:\/\/latidosycronikas.es\/en\/wp-json\/wp\/v2\/comments?post=769"}],"version-history":[{"count":119,"href":"https:\/\/latidosycronikas.es\/en\/wp-json\/wp\/v2\/pages\/769\/revisions"}],"predecessor-version":[{"id":2596,"href":"https:\/\/latidosycronikas.es\/en\/wp-json\/wp\/v2\/pages\/769\/revisions\/2596"}],"wp:attachment":[{"href":"https:\/\/latidosycronikas.es\/en\/wp-json\/wp\/v2\/media?parent=769"}],"curies":[{"name":"wp","href":"https:\/\/api.w.org\/{rel}","templated":true}]}}