{"id":679,"date":"2024-08-17T07:28:29","date_gmt":"2024-08-17T07:28:29","guid":{"rendered":"https:\/\/latidosycronikas.es\/?page_id=679"},"modified":"2025-07-18T01:36:07","modified_gmt":"2025-07-18T01:36:07","slug":"politica-de-privacidad","status":"publish","type":"page","link":"https:\/\/latidosycronikas.es\/en\/politica-de-privacidad\/","title":{"rendered":"LatidosyCronikas \u2013 Privacidad"},"content":{"rendered":"<div data-elementor-type=\"wp-page\" data-elementor-id=\"679\" class=\"elementor elementor-679\" data-elementor-post-type=\"page\">\n\t\t\t\t<div class=\"elementor-element elementor-element-5485237 e-flex e-con-boxed wpr-particle-no wpr-jarallax-no wpr-parallax-no wpr-sticky-section-no e-con e-parent\" data-id=\"5485237\" data-element_type=\"container\">\n\t\t\t\t\t<div class=\"e-con-inner\">\n\t\t\t\t<div class=\"elementor-element elementor-element-7ef3c2a elementor-widget elementor-widget-heading\" data-id=\"7ef3c2a\" data-element_type=\"widget\" data-widget_type=\"heading.default\">\n\t\t\t\t<div class=\"elementor-widget-container\">\n\t\t\t\t\t<h2 class=\"elementor-heading-title elementor-size-default\">Pol\u00edtica de Privacidad<\/h2>\t\t\t\t<\/div>\n\t\t\t\t<\/div>\n\t\t\t\t<div class=\"elementor-element elementor-element-aa51dbf elementor-widget elementor-widget-text-editor\" data-id=\"aa51dbf\" data-element_type=\"widget\" data-widget_type=\"text-editor.default\">\n\t\t\t\t<div class=\"elementor-widget-container\">\n\t\t\t\t\t\t\t\t\t<p>Marco Legal<\/p><p>Tratamiento de sus Datos personales<\/p><p>Derechos de nuestros clientes.<\/p><p>Marco de protecci\u00f3n.<\/p><p>Contacto<\/p><p>Validez de esta Pol\u00edtica de Privacidad.<\/p>\t\t\t\t\t\t\t\t<\/div>\n\t\t\t\t<\/div>\n\t\t\t\t<div class=\"elementor-element elementor-element-ac4a952 elementor-widget elementor-widget-text-editor\" data-id=\"ac4a952\" data-element_type=\"widget\" data-widget_type=\"text-editor.default\">\n\t\t\t\t<div class=\"elementor-widget-container\">\n\t\t\t\t\t\t\t\t\t<p><u><b><\/b><\/u><strong><u><b>Marco Legal<\/b><\/u><\/strong><\/p><p>LatidosyCronikas.es informa a toda parte interesada que toda la informaci\u00f3n personal adquirida leg\u00edtimamente por medio de la adquisici\u00f3n de nuestros servicios ser\u00e1 legalmente tratada seg\u00fan la ley org\u00e1nica 15 del 1999 y el real decreto 1720 del 2007 (Reino de Espa\u00f1a).<\/p><p><strong><u><b>Tratamiento de su Informaci\u00f3n Personal<\/b><\/u><\/strong><\/p><p>LatidosyCronikas usar\u00e1 la informaci\u00f3n personal obtenida solamente para realizar el pleno ejercicio de su actividad econ\u00f3mica principal. Con ello, se garantiza que nuestros clientes puedan recibir los servicios espec\u00edficos por los que nos contrataron. No se compartir\u00e1 informaci\u00f3n personal con terceros por razones distintas a las mencionadas anteriormente.<\/p><p><strong><u><b>Derechos de nuestros Clientes<\/b><\/u><\/strong><\/p><p><span style=\"text-align: var(--text-align);\">Nuestros clientes tienen derecho a solicitar, modificar, eliminar cualquier informaci\u00f3n personal que LatidosyCronikas.es tenga en posesi\u00f3n. Podr\u00e1n realizarlo envi\u00e1ndonos un correo electr\u00f3nico a <\/span><a style=\"text-align: var(--text-align); background-color: #faf8f4;\" href=\"mailto:contacto@latidosycronikas.es\"><u>contacto@latidosycronikas.es<\/u><\/a><span style=\"text-align: var(--text-align);\">.<\/span><strong><u><b><br \/><\/b><\/u><\/strong><\/p><p><strong><u><b>Marco de Protecci\u00f3n<\/b><\/u><\/strong><\/p><p><span style=\"text-align: var(--text-align);\">LatidosyCronikas velar\u00e1 por el tratamiento confidencial y seguro de los datos personales de nuestros clientes. Nuestros protocolos en nuestras distintas \u00e1reas evitan accesos no autorizados y p\u00e9rdidas de estos. Todo lo anterior justificado y soportado con lo expuesto en nuestro marco legal arriba mencionado.<\/span><strong><u><b><br \/><\/b><\/u><\/strong><\/p><p><strong><u><b>Contacto<\/b><\/u><\/strong><\/p><p>Recibiremos todas las solicitudes en cuanto al tratamiento de datos personales a trav\u00e9s de nuestro correo electr\u00f3nico: <a href=\"mailto:contacto@latidosycronikas.es\"><u>contacto@latidosycronikas.es<\/u><\/a>.<strong><u><b><br \/><\/b><\/u><\/strong><strong><u><b><br \/><\/b><\/u><\/strong><strong><u><b>Validez de esta Pol\u00edtica.<\/b><\/u><\/strong><\/p><p>LatidosyCronikas se reserva el derecho a modificar las presentes pol\u00edticas de privacidad para poder estar en legalidad con todo lo que el Estado Espa\u00f1ol pudiese resolver, modificar, actualizar o crear en este tipo de \u00e1rea.<strong><u><b><br \/><\/b><\/u><\/strong><\/p>\t\t\t\t\t\t\t\t<\/div>\n\t\t\t\t<\/div>\n\t\t\t\t\t<\/div>\n\t\t\t\t<\/div>\n\t\t\t\t<\/div>","protected":false},"excerpt":{"rendered":"<p>Pol\u00edtica de Privacidad Marco Legal Tratamiento de sus Datos personales Derechos de nuestros clientes. Marco de protecci\u00f3n. Contacto Validez de esta Pol\u00edtica de Privacidad. Marco Legal LatidosyCronikas.es informa a toda parte interesada que toda la informaci\u00f3n personal adquirida leg\u00edtimamente por medio de la adquisici\u00f3n de nuestros servicios ser\u00e1 legalmente tratada seg\u00fan la ley org\u00e1nica 15 del 1999 y el real decreto 1720 del 2007 (Reino de Espa\u00f1a). Tratamiento de su Informaci\u00f3n Personal LatidosyCronikas usar\u00e1 la informaci\u00f3n personal obtenida solamente para realizar el pleno ejercicio de su actividad econ\u00f3mica principal. Con ello, se garantiza que nuestros clientes puedan recibir los servicios espec\u00edficos por los que nos contrataron. No se compartir\u00e1 informaci\u00f3n personal con terceros por razones distintas a las mencionadas anteriormente. Derechos de nuestros Clientes Nuestros clientes tienen derecho a solicitar, modificar, eliminar cualquier informaci\u00f3n personal que LatidosyCronikas.es tenga en posesi\u00f3n. Podr\u00e1n realizarlo envi\u00e1ndonos un correo electr\u00f3nico a contacto@latidosycronikas.es. Marco de Protecci\u00f3n LatidosyCronikas velar\u00e1 por el tratamiento confidencial y seguro de los datos personales de nuestros clientes. Nuestros protocolos en nuestras distintas \u00e1reas evitan accesos no autorizados y p\u00e9rdidas de estos. Todo lo anterior justificado y soportado con lo expuesto en nuestro marco legal arriba mencionado. Contacto Recibiremos todas las solicitudes en cuanto al tratamiento de datos personales a trav\u00e9s de nuestro correo electr\u00f3nico: contacto@latidosycronikas.es.Validez de esta Pol\u00edtica. LatidosyCronikas se reserva el derecho a modificar las presentes pol\u00edticas de privacidad para poder estar en legalidad con todo lo que el Estado Espa\u00f1ol pudiese resolver, modificar, actualizar o crear en este tipo de \u00e1rea.<\/p>","protected":false},"author":1,"featured_media":0,"parent":0,"menu_order":0,"comment_status":"closed","ping_status":"closed","template":"elementor_header_footer","meta":{"footnotes":""},"class_list":["post-679","page","type-page","status-publish","hentry"],"_links":{"self":[{"href":"https:\/\/latidosycronikas.es\/en\/wp-json\/wp\/v2\/pages\/679","targetHints":{"allow":["GET"]}}],"collection":[{"href":"https:\/\/latidosycronikas.es\/en\/wp-json\/wp\/v2\/pages"}],"about":[{"href":"https:\/\/latidosycronikas.es\/en\/wp-json\/wp\/v2\/types\/page"}],"author":[{"embeddable":true,"href":"https:\/\/latidosycronikas.es\/en\/wp-json\/wp\/v2\/users\/1"}],"replies":[{"embeddable":true,"href":"https:\/\/latidosycronikas.es\/en\/wp-json\/wp\/v2\/comments?post=679"}],"version-history":[{"count":33,"href":"https:\/\/latidosycronikas.es\/en\/wp-json\/wp\/v2\/pages\/679\/revisions"}],"predecessor-version":[{"id":2968,"href":"https:\/\/latidosycronikas.es\/en\/wp-json\/wp\/v2\/pages\/679\/revisions\/2968"}],"wp:attachment":[{"href":"https:\/\/latidosycronikas.es\/en\/wp-json\/wp\/v2\/media?parent=679"}],"curies":[{"name":"wp","href":"https:\/\/api.w.org\/{rel}","templated":true}]}}