{"id":1019,"date":"2024-09-03T12:45:56","date_gmt":"2024-09-03T12:45:56","guid":{"rendered":"https:\/\/latidosycronikas.es\/?page_id=1019"},"modified":"2025-07-02T03:52:39","modified_gmt":"2025-07-02T03:52:39","slug":"terminos-y-condiciones","status":"publish","type":"page","link":"https:\/\/latidosycronikas.es\/en\/terminos-y-condiciones\/","title":{"rendered":"LatidosyCronikas \u2013 Terminos y Condiciones"},"content":{"rendered":"<div data-elementor-type=\"wp-page\" data-elementor-id=\"1019\" class=\"elementor elementor-1019\" data-elementor-post-type=\"page\">\n\t\t\t\t<div class=\"elementor-element elementor-element-a095d5c e-flex e-con-boxed wpr-particle-no wpr-jarallax-no wpr-parallax-no wpr-sticky-section-no e-con e-parent\" data-id=\"a095d5c\" data-element_type=\"container\">\n\t\t\t\t\t<div class=\"e-con-inner\">\n\t\t\t\t<div class=\"elementor-element elementor-element-3af49d5 elementor-widget elementor-widget-heading\" data-id=\"3af49d5\" data-element_type=\"widget\" data-widget_type=\"heading.default\">\n\t\t\t\t<div class=\"elementor-widget-container\">\n\t\t\t\t\t<h2 class=\"elementor-heading-title elementor-size-default\">T\u00e9rminos y Condiciones<\/h2>\t\t\t\t<\/div>\n\t\t\t\t<\/div>\n\t\t\t\t\t<\/div>\n\t\t\t\t<\/div>\n\t\t<div class=\"elementor-element elementor-element-395ae93 e-flex e-con-boxed wpr-particle-no wpr-jarallax-no wpr-parallax-no wpr-sticky-section-no e-con e-parent\" data-id=\"395ae93\" data-element_type=\"container\">\n\t\t\t\t\t<div class=\"e-con-inner\">\n\t\t\t\t<div class=\"elementor-element elementor-element-4b11228 elementor-hidden-desktop elementor-hidden-laptop elementor-hidden-tablet elementor-hidden-mobile elementor-widget elementor-widget-text-editor\" data-id=\"4b11228\" data-element_type=\"widget\" data-widget_type=\"text-editor.default\">\n\t\t\t\t<div class=\"elementor-widget-container\">\n\t\t\t\t\t\t\t\t\t<ol><li>Descripci\u00f3n del Servicio<\/li><li>Ventas<\/li><li>Cancelaciones y Reembolsos<\/li><li>Entregas<\/li><li>Propiedad Intelectual<\/li><li>Contacto<\/li><li>Validez de los T\u00e9rminos y Condiciones.<\/li><\/ol>\t\t\t\t\t\t\t\t<\/div>\n\t\t\t\t<\/div>\n\t\t\t\t\t<\/div>\n\t\t\t\t<\/div>\n\t\t<div class=\"elementor-element elementor-element-7153f45 e-flex e-con-boxed wpr-particle-no wpr-jarallax-no wpr-parallax-no wpr-sticky-section-no e-con e-parent\" data-id=\"7153f45\" data-element_type=\"container\">\n\t\t\t\t\t<div class=\"e-con-inner\">\n\t\t\t\t<div class=\"elementor-element elementor-element-5050e36 elementor-hidden-desktop elementor-hidden-laptop elementor-hidden-tablet elementor-hidden-mobile elementor-widget elementor-widget-text-editor\" data-id=\"5050e36\" data-element_type=\"widget\" data-widget_type=\"text-editor.default\">\n\t\t\t\t<div class=\"elementor-widget-container\">\n\t\t\t\t\t\t\t\t\t<p><strong><u><b>Descripci\u00f3n del Servicio<\/b><\/u><\/strong><strong><u><b><br \/><\/b><\/u><\/strong><br \/><u>Producto y sus tipos (Digital y Biograf\u00eda Digital + F\u00edsico)<\/u><u><br \/><\/u><br \/>Como una forma de demostrar como trabajamos en LatidosyCronikas, se le ofrece al cliente la posibilidad de permitirnos narrar una historia de un evento espec\u00edfico de su vida (producto entregado de forma digital en formato PDF y EPUB). Con ello, el cliente conocer\u00e1 nuestro m\u00e9todo y su resultado final. Como consecuencia, si existe plena y entera satisfacci\u00f3n, el cliente podr\u00e1 contratar con nosotros el proyecto de su biograf\u00eda.<\/p><p>Las biograf\u00edas se entregar\u00e1n en formatos digital y f\u00edsico.<\/p><p><u>Fotos del Cliente<\/u><u><br \/><\/u><u><br \/><\/u>Las fotos son necesarias para matizar la narraci\u00f3n de la historia solo si el cliente lo desea. No es un requisito imprescindible para poder escribir la historia por parte de nuestros escritores. De ser posible, el cliente deber\u00e1 entregar las fotos de forma digital a cualquiera de nuestros escritores o dise\u00f1adores.<\/p><p><u>Idioma <\/u><u><br \/><\/u><br \/>Nuestras historias son ofrecidas actualmente solo en idioma espa\u00f1ol.<\/p><p><u>Identificaci\u00f3n del vendedor<\/u><\/p><p>Datos de quien es el responsable del ofrecimiento de los servicios:<br \/>Nombre: Victor Gallego <br \/>Nombre comercial: Latidos y Cronikas<br \/>N.I.F. 52.888.119X<br \/>Direcci\u00f3n Fiscal: Calle V\u00eda Carpetana. 28047 Madrid.<br \/>Correo Electr\u00f3nico: contacto@latidosycronikas.es<\/p><p><u>Restricciones Temas de Historias<\/u><\/p><p>LatidosyCronikas se reserva el derecho de admisi\u00f3n para escribir cualquier tipo de historia cuyo tema o contenido suponga un riesgo de cualquier tipo para el vendedor.<\/p><p><strong><u><b>Ventas \u00a0<\/b><\/u><\/strong><strong><u><b><br \/><\/b><\/u><\/strong>\u00a0<br \/><u>Formas de Contratar<\/u><br \/>Virtual: Los servicios de LatidosyCronikas.es podr\u00e1n ser contratados a trav\u00e9s de nuestra p\u00e1gina de internet <a href=\"https:\/\/latidosycronikas.es\/en\/\"><u>https:\/\/latidosycronikas.es<\/u><\/a>\u00a0<\/p><p><u>Productos<\/u><u><br \/><\/u>Con el objetivo de que el cliente pueda comprobar como trabajamos, antes de contratar el proyecto de biograf\u00eda con nosotros, se le da la opci\u00f3n de comenzar escribi\u00e9ndole una historia de alguna etapa o suceso de su vida.<\/p><p>Historia Corta (99.99 Euros+IVA): 10 p\u00e1ginas en total incluyendo las 7 fotograf\u00edas digitales que aporte el cliente. Se limita a 2h las entrevistas. El cliente tendr\u00e1 1 oportunidad para reunir y enlistar los cambios que considere prudentes con el escritor. Para lo anterior deber\u00e1 de antemano enlistar los cambios con el fin de facilitar la llamada con el escritor. El cliente tendr\u00e1 1 oportunidad para enlistar los cambios de dise\u00f1o que considere prudentes. Para lo anterior deber\u00e1 de antemano enlistar los cambios con el fin de facilitar la llamada con el dise\u00f1ador.<\/p><p>Biograf\u00edas<u>: <\/u>El precio de las biograf\u00edas se le comunicar\u00e1 al cliente directamente a solicitud de \u00e9ste. Lo anterior obedece a que cada historia de vida es diferente en cuanto a los eventos que se desee incluir; por lo que el precio se determina caso por caso.<u><br \/><\/u><u><br \/><\/u><u>P\u00e1gina de Pago<\/u><u><br \/><\/u>Al comprador se le pedir\u00e1n los datos b\u00e1sicos de su tarjeta de cr\u00e9dito o d\u00e9bito para poder realizar el pago. Antes de realizar el pago se recomienda leer los presentes t\u00e9rminos y condiciones. De manera reiterada, despu\u00e9s de la compra, uno de nuestros gestores llamar\u00e1 al comprador para hacerle un resumen del camino a seguir al igual que las caracter\u00edsticas del producto que eligi\u00f3.<\/p><p><u>Edad M\u00ednima<\/u><u><br \/><\/u>La edad m\u00ednima para poder acceder a nuestros servicios es de 18 a\u00f1os; edad en la cual se considera legalmente un adulto dentro del c\u00f3digo civil espa\u00f1ol.<\/p><p><u>IVA<\/u><u><br \/><\/u>Todos nuestros precios publicados excluyen el IVA. Al momento de realizar el pago se le mostrar\u00e1 al cliente el valor total con el IVA incluido.<\/p><p><strong><u><b>Cancelaciones y Reembolsos<\/b><\/u><\/strong><br \/>En la llamada de Bienvenida: Reembolso del 90% del valor total pagado. <br \/>Antes de iniciar las entrevistas: Reembolso del 90% del valor total pagado. <br \/>En el proceso de las entrevistas: Reembolso del 50% del valor total pagado. <br \/>Antes de iniciar la edici\u00f3n gr\u00e1fica: No hay reembolso.<br \/>En el proceso de edici\u00f3n gr\u00e1fica: No hay reembolso.<\/p><p><strong><u><b>Entregas <\/b><\/u><\/strong><strong><u><b><br \/><\/b><\/u><\/strong>Se le har\u00e1 entrega del producto final cuando tanto el proceso de las entrevistas como el proceso de dise\u00f1o hayan culminado. Dependiendo de las revisiones del comprador, la fecha se podr\u00e1 correr con el fin de garantizar que el producto final est\u00e9 a corde con las expectativas del mismo.<br \/>Causas de fuerza mayor: Si hubiesen fallos t\u00e9cnicos ajenos a la voluntad del vendedor, los plazos de entrega se tendr\u00edan que ajustar proporcionalmente.<br \/>Garant\u00eda de satisfacci\u00f3n: al ser un producto escrito, conforme a las habilidades humanas, no podemos garantizar una satisfacci\u00f3n del 100%.<\/p><p><strong><u><b>Propiedad Intelectual<\/b><\/u><\/strong><\/p><p>El contenido escrito de esta p\u00e1gina es propiedad intelectual del vendedor. Todo el contenido textual y gr\u00e1fico del sitio se encuentran protegidos para evitar su reproducci\u00f3n id\u00e9ntica. Se proh\u00edbe el uso de este contenido sin participaci\u00f3n directa nuestra. <br \/>La autor\u00eda de todos los textos de nuestras historias escritas quedar\u00e1n a nombre del comprador. Se le agregar\u00e1 una anotaci\u00f3n en los textos terminados en donde LatidosyCronikas.es se incluya como coautor.<\/p><p>Agradecemos a nuestros proveedores freepik.com por habernos provisto de las im\u00e1genes alojadas en nuestro sitio web.<\/p><p><strong><u><b>Contacto<\/b><\/u><\/strong><strong><u><b><br \/><\/b><\/u><\/strong>Se recibir\u00e1 toda comunicaci\u00f3n a nuestro correo electr\u00f3nico contacto@latidosycronikas.es<\/p><p><strong><u><b>Validez de los T\u00e9rminos y Condiciones<\/b><\/u><\/strong><\/p><p>Nos reservamos el derecho de modificar o reemplazar cualquier aspecto de los presentes T\u00e9rminos y Condiciones en cualquier momento.<\/p><p>\u00a0\u00a0\u00a0\u00a0\u00a0\u00a0\u00a0\u00a0\u00a0\u00a0\u00a0\u00a0\u00a0\u00a0\u00a0\u00a0\u00a0\u00a0\u00a0\u00a0<\/p>\t\t\t\t\t\t\t\t<\/div>\n\t\t\t\t<\/div>\n\t\t\t\t<div class=\"elementor-element elementor-element-7f96097 elementor-widget elementor-widget-text-editor\" data-id=\"7f96097\" data-element_type=\"widget\" data-widget_type=\"text-editor.default\">\n\t\t\t\t<div class=\"elementor-widget-container\">\n\t\t\t\t\t\t\t\t\t<ol><li>Descripci\u00f3n del Servicio<\/li><li>Ventas<\/li><li>Cancelaciones y Reembolsos<\/li><li>Entregas<\/li><li>Propiedad Intelectual<\/li><li>Contacto<\/li><li>Validez de los T\u00e9rminos y Condiciones.<\/li><\/ol><p><strong><u>Descripci\u00f3n del Servicio<\/u><\/strong><\/p><p><strong><u><br \/><\/u><\/strong><u><\/u><u>Producto y sus tipos (Lecciones de Vida \u2013 Digital)<\/u><\/p><p>Como una forma de demostrar como trabajamos en LatidosyCronikas, se le ofrece al cliente la posibilidad de permitirnos ayudarle a redactar las lecciones y\/o aprendizajes mas importantes de su vida (producto entregado de forma digital PDF- EPUB). Con ello, el cliente conocer\u00e1 nuestro m\u00e9todo y su resultado final. Si existe plena y entera satisfacci\u00f3n, el cliente podr\u00e1 contratar con nosotros el proyecto de su biograf\u00eda, el cual se tratar\u00eda como una oferta personalizada y no forzosa.<\/p><p><u>Fotos del Cliente<\/u><u><\/u><\/p><p><u><\/u>Las fotos son necesarias para matizar la narraci\u00f3n de la historia solo si el cliente lo desea. No es un requisito imprescindible para poder elaborar el documento. El cliente deber\u00e1 enviarnos las fotos de forma digital.<\/p><p><u>Idioma<br \/><\/u><br \/>Nuestras historias son ofrecidas actualmente solo en idioma espa\u00f1ol.<\/p><p><u>Identificaci\u00f3n del vendedor<\/u><\/p><p>Datos de quien es el responsable del ofrecimiento de los servicios:<br \/>Nombre: Victor Gallego<br \/>Nombre comercial: Latidos y Cronikas<br \/>N.I.F. 52.888.119X<br \/>Direcci\u00f3n Fiscal: Calle Rojas 4. 45002 Toledo.<br \/>Correo Electr\u00f3nico: contacto@latidosycronikas.es<\/p><p><u>Restricciones Temas de Historias<\/u><\/p><p>LatidosyCronikas se reserva el derecho de admisi\u00f3n para escribir cualquier tipo de historia cuyo tema o contenido suponga un riesgo de cualquier tipo para el vendedor.<\/p><p><strong><u>Ventas<br \/><\/u><\/strong><br \/><u>Formas de Contratar<\/u><br \/>Los servicios de LatidosyCronikas.es podr\u00e1n ser contratados a trav\u00e9s de nuestra p\u00e1gina de internet <a href=\"https:\/\/latidosycronikas.es\/en\/\">https:\/\/latidosycronikas.es<\/a>. Como alternativa, se pueden contratar nuestros servicios mediante transferencia bancaria.<\/p><p><u>Productos<\/u><\/p><p>Mi Legado (Digital) (34.99 USD): 24 p\u00e1ginas m\u00e1x. en total incluyendo las 20 fotograf\u00edas digitales m\u00e1x. que entregue el cliente. Producto entregado en PDF y en EPUB. Hasta dos (2) revisiones para cambios de texto y fotos.<br \/><br \/>Biograf\u00edas: El precio de las biograf\u00edas se le comunicar\u00e1 al cliente directamente a solicitud de \u00e9ste. Lo anterior obedece a que cada historia de vida es diferente en cuanto a los eventos que se desee incluir y a su forma de comunicarlos; por lo que el precio se determina caso por caso.<\/p><p><u>\u00a0<\/u><\/p><p><u><em>P\u00e1gina de Pago<\/em><br \/><\/u><\/p><p>Al comprador se le pedir\u00e1n los datos b\u00e1sicos de su tarjeta de cr\u00e9dito o d\u00e9bito para poder realizar el pago. Antes de realizar el pago se recomienda leer los presentes t\u00e9rminos y condiciones.\u00a0<\/p><p><u>Edad M\u00ednima<br \/><\/u>La edad m\u00ednima para poder acceder a nuestros servicios es de 18 a\u00f1os; edad en la cual se considera legalmente un adulto dentro del c\u00f3digo civil espa\u00f1ol.<\/p><p><u>IVA<br \/><\/u>Todos nuestros precios publicados incluyen el IVA.<\/p><p><strong><u>Cancelaciones y Reembolsos<\/u><\/strong><\/p><p><span style=\"text-decoration: underline;\"><em>Mi Legado (Digital):<\/em><\/span><br \/>Cancelaci\u00f3n de la Orden sin haber enviado ning\u00fan texto: Reembolso del 90% del valor total pagado.<br \/>Durante el env\u00edo del texto por parte del cliente: Reembolso del 50% del valor total pagado.<br \/>Producto Terminado: No hay reembolso.<\/p><p><strong><u>Entregas<\/u><\/strong><\/p><p><span style=\"text-decoration: underline;\"><em>Mi Legado (Digital):<\/em><\/span><br \/>Se har\u00e1 entrega del producto final cuando el vendedor haya recibido el total del texto facilitado por parte del cliente en sus diferentes campos o \u00e1reas (familia, trabajo, salud, etc.) incluyendo las im\u00e1genes o fotos correspondientes. El producto digital se enviar\u00e1 al cliente a un correo electr\u00f3nico facilitado por el mismo. El cliente recibir\u00e1 su documento digital en las extensiones PDF y EPUB.<\/p><p><span style=\"text-decoration: underline;\"><em>Causas de fuerza mayor:<\/em><\/span> Si hubiesen fallos t\u00e9cnicos ajenos a la voluntad del vendedor, los plazos de entrega se tendr\u00edan que ajustar proporcionalmente.<br \/>Garant\u00eda de satisfacci\u00f3n: al ser un producto escrito, conforme a las habilidades humanas, no podemos garantizar una satisfacci\u00f3n del 100%.<\/p><p><strong><u>Propiedad Intelectual<\/u><\/strong><\/p><p>El contenido escrito de esta p\u00e1gina es propiedad intelectual del vendedor. Todo el contenido textual y gr\u00e1fico del sitio se encuentran protegidos para evitar su reproducci\u00f3n id\u00e9ntica. Se proh\u00edbe el uso de este contenido sin participaci\u00f3n directa nuestra.<\/p><p>La autor\u00eda de todos los textos de nuestras historias escritas quedar\u00e1n a nombre del comprador. Se le agregar\u00e1 una anotaci\u00f3n en los textos terminados, textualmente: \u201cEste documento ha sido autorizado por su protagonista y producido por: LatidosyCronikas.es \u2013 (a\u00f1o de lanzamiento).\u201d<\/p><p>Agradecemos a nuestros proveedores freepik.com por habernos provisto de las im\u00e1genes alojadas en nuestro sitio web.<\/p><p><strong><u><br \/>Contacto<br \/><\/u><\/strong>Se recibir\u00e1 toda comunicaci\u00f3n a nuestro correo electr\u00f3nico contacto@latidosycronikas.es<\/p><p><strong><u>Validez de los T\u00e9rminos y Condiciones<\/u><\/strong><\/p><p>Nos reservamos el derecho de modificar o reemplazar cualquier aspecto de los presentes T\u00e9rminos y Condiciones en cualquier momento.<\/p>\t\t\t\t\t\t\t\t<\/div>\n\t\t\t\t<\/div>\n\t\t\t\t\t<\/div>\n\t\t\t\t<\/div>\n\t\t\t\t<\/div>","protected":false},"excerpt":{"rendered":"<p>T\u00e9rminos y Condiciones Descripci\u00f3n del Servicio Ventas Cancelaciones y Reembolsos Entregas Propiedad Intelectual Contacto Validez de los T\u00e9rminos y Condiciones. Descripci\u00f3n del ServicioProducto y sus tipos (Digital y Biograf\u00eda Digital + F\u00edsico)Como una forma de demostrar como trabajamos en LatidosyCronikas, se le ofrece al cliente la posibilidad de permitirnos narrar una historia de un evento espec\u00edfico de su vida (producto entregado de forma digital en formato PDF y EPUB). Con ello, el cliente conocer\u00e1 nuestro m\u00e9todo y su resultado final. Como consecuencia, si existe plena y entera satisfacci\u00f3n, el cliente podr\u00e1 contratar con nosotros el proyecto de su biograf\u00eda. Las biograf\u00edas se entregar\u00e1n en formatos digital y f\u00edsico. Fotos del ClienteLas fotos son necesarias para matizar la narraci\u00f3n de la historia solo si el cliente lo desea. No es un requisito imprescindible para poder escribir la historia por parte de nuestros escritores. De ser posible, el cliente deber\u00e1 entregar las fotos de forma digital a cualquiera de nuestros escritores o dise\u00f1adores. Idioma Nuestras historias son ofrecidas actualmente solo en idioma espa\u00f1ol. Identificaci\u00f3n del vendedor Datos de quien es el responsable del ofrecimiento de los servicios:Nombre: Victor Gallego Nombre comercial: Latidos y CronikasN.I.F. 52.888.119XDirecci\u00f3n Fiscal: Calle V\u00eda Carpetana. 28047 Madrid.Correo Electr\u00f3nico: contacto@latidosycronikas.es Restricciones Temas de Historias LatidosyCronikas se reserva el derecho de admisi\u00f3n para escribir cualquier tipo de historia cuyo tema o contenido suponga un riesgo de cualquier tipo para el vendedor. Ventas \u00a0\u00a0Formas de ContratarVirtual: Los servicios de LatidosyCronikas.es podr\u00e1n ser contratados a trav\u00e9s de nuestra p\u00e1gina de internet https:\/\/latidosycronikas.es\u00a0 ProductosCon el objetivo de que el cliente pueda comprobar como trabajamos, antes de contratar el proyecto de biograf\u00eda con nosotros, se le da la opci\u00f3n de comenzar escribi\u00e9ndole una historia de alguna etapa o suceso de su vida. Historia Corta (99.99 Euros+IVA): 10 p\u00e1ginas en total incluyendo las 7 fotograf\u00edas digitales que aporte el cliente. Se limita a 2h las entrevistas. El cliente tendr\u00e1 1 oportunidad para reunir y enlistar los cambios que considere prudentes con el escritor. Para lo anterior deber\u00e1 de antemano enlistar los cambios con el fin de facilitar la llamada con el escritor. El cliente tendr\u00e1 1 oportunidad para enlistar los cambios de dise\u00f1o que considere prudentes. Para lo anterior deber\u00e1 de antemano enlistar los cambios con el fin de facilitar la llamada con el dise\u00f1ador. Biograf\u00edas: El precio de las biograf\u00edas se le comunicar\u00e1 al cliente directamente a solicitud de \u00e9ste. Lo anterior obedece a que cada historia de vida es diferente en cuanto a los eventos que se desee incluir; por lo que el precio se determina caso por caso.P\u00e1gina de PagoAl comprador se le pedir\u00e1n los datos b\u00e1sicos de su tarjeta de cr\u00e9dito o d\u00e9bito para poder realizar el pago. Antes de realizar el pago se recomienda leer los presentes t\u00e9rminos y condiciones. De manera reiterada, despu\u00e9s de la compra, uno de nuestros gestores llamar\u00e1 al comprador para hacerle un resumen del camino a seguir al igual que las caracter\u00edsticas del producto que eligi\u00f3. Edad M\u00ednimaLa edad m\u00ednima para poder acceder a nuestros servicios es de 18 a\u00f1os; edad en la cual se considera legalmente un adulto dentro del c\u00f3digo civil espa\u00f1ol. IVATodos nuestros precios publicados excluyen el IVA. Al momento de realizar el pago se le mostrar\u00e1 al cliente el valor total con el IVA incluido. Cancelaciones y ReembolsosEn la llamada de Bienvenida: Reembolso del 90% del valor total pagado. Antes de iniciar las entrevistas: Reembolso del 90% del valor total pagado. En el proceso de las entrevistas: Reembolso del 50% del valor total pagado. Antes de iniciar la edici\u00f3n gr\u00e1fica: No hay reembolso.En el proceso de edici\u00f3n gr\u00e1fica: No hay reembolso. Entregas Se le har\u00e1 entrega del producto final cuando tanto el proceso de las entrevistas como el proceso de dise\u00f1o hayan culminado. Dependiendo de las revisiones del comprador, la fecha se podr\u00e1 correr con el fin de garantizar que el producto final est\u00e9 a corde con las expectativas del mismo.Causas de fuerza mayor: Si hubiesen fallos t\u00e9cnicos ajenos a la voluntad del vendedor, los plazos de entrega se tendr\u00edan que ajustar proporcionalmente.Garant\u00eda de satisfacci\u00f3n: al ser un producto escrito, conforme a las habilidades humanas, no podemos garantizar una satisfacci\u00f3n del 100%. Propiedad Intelectual El contenido escrito de esta p\u00e1gina es propiedad intelectual del vendedor. Todo el contenido textual y gr\u00e1fico del sitio se encuentran protegidos para evitar su reproducci\u00f3n id\u00e9ntica. Se proh\u00edbe el uso de este contenido sin participaci\u00f3n directa nuestra. La autor\u00eda de todos los textos de nuestras historias escritas quedar\u00e1n a nombre del comprador. Se le agregar\u00e1 una anotaci\u00f3n en los textos terminados en donde LatidosyCronikas.es se incluya como coautor. Agradecemos a nuestros proveedores freepik.com por habernos provisto de las im\u00e1genes alojadas en nuestro sitio web. ContactoSe recibir\u00e1 toda comunicaci\u00f3n a nuestro correo electr\u00f3nico contacto@latidosycronikas.es Validez de los T\u00e9rminos y Condiciones Nos reservamos el derecho de modificar o reemplazar cualquier aspecto de los presentes T\u00e9rminos y Condiciones en cualquier momento. \u00a0\u00a0\u00a0\u00a0\u00a0\u00a0\u00a0\u00a0\u00a0\u00a0\u00a0\u00a0\u00a0\u00a0\u00a0\u00a0\u00a0\u00a0\u00a0\u00a0 Descripci\u00f3n del Servicio Ventas Cancelaciones y Reembolsos Entregas Propiedad Intelectual Contacto Validez de los T\u00e9rminos y Condiciones. Descripci\u00f3n del Servicio Producto y sus tipos (Lecciones de Vida \u2013 Digital) Como una forma de demostrar como trabajamos en LatidosyCronikas, se le ofrece al cliente la posibilidad de permitirnos ayudarle a redactar las lecciones y\/o aprendizajes mas importantes de su vida (producto entregado de forma digital PDF- EPUB). Con ello, el cliente conocer\u00e1 nuestro m\u00e9todo y su resultado final. Si existe plena y entera satisfacci\u00f3n, el cliente podr\u00e1 contratar con nosotros el proyecto de su biograf\u00eda, el cual se tratar\u00eda como una oferta personalizada y no forzosa. Fotos del Cliente Las fotos son necesarias para matizar la narraci\u00f3n de la historia solo si el cliente lo desea. No es un requisito imprescindible para poder elaborar el documento. El cliente deber\u00e1 enviarnos las fotos de forma digital. IdiomaNuestras historias son ofrecidas actualmente solo en idioma espa\u00f1ol. Identificaci\u00f3n del vendedor Datos de quien es el responsable del ofrecimiento de los servicios:Nombre: Victor GallegoNombre comercial: Latidos y CronikasN.I.F. 52.888.119XDirecci\u00f3n Fiscal: Calle Rojas 4. 45002 Toledo.Correo Electr\u00f3nico: contacto@latidosycronikas.es Restricciones Temas de Historias<\/p>","protected":false},"author":1,"featured_media":0,"parent":0,"menu_order":0,"comment_status":"closed","ping_status":"closed","template":"elementor_header_footer","meta":{"footnotes":""},"class_list":["post-1019","page","type-page","status-publish","hentry"],"_links":{"self":[{"href":"https:\/\/latidosycronikas.es\/en\/wp-json\/wp\/v2\/pages\/1019","targetHints":{"allow":["GET"]}}],"collection":[{"href":"https:\/\/latidosycronikas.es\/en\/wp-json\/wp\/v2\/pages"}],"about":[{"href":"https:\/\/latidosycronikas.es\/en\/wp-json\/wp\/v2\/types\/page"}],"author":[{"embeddable":true,"href":"https:\/\/latidosycronikas.es\/en\/wp-json\/wp\/v2\/users\/1"}],"replies":[{"embeddable":true,"href":"https:\/\/latidosycronikas.es\/en\/wp-json\/wp\/v2\/comments?post=1019"}],"version-history":[{"count":144,"href":"https:\/\/latidosycronikas.es\/en\/wp-json\/wp\/v2\/pages\/1019\/revisions"}],"predecessor-version":[{"id":2836,"href":"https:\/\/latidosycronikas.es\/en\/wp-json\/wp\/v2\/pages\/1019\/revisions\/2836"}],"wp:attachment":[{"href":"https:\/\/latidosycronikas.es\/en\/wp-json\/wp\/v2\/media?parent=1019"}],"curies":[{"name":"wp","href":"https:\/\/api.w.org\/{rel}","templated":true}]}}